{"id":711,"date":"2026-02-13T18:55:12","date_gmt":"2026-02-13T21:55:12","guid":{"rendered":"https:\/\/linkzs.com.br\/index.php\/jr-ribeiro-montador-de-moveis-sjc\/"},"modified":"2026-02-13T18:55:12","modified_gmt":"2026-02-13T21:55:12","slug":"jr-ribeiro-montador-de-moveis-sjc","status":"publish","type":"page","link":"https:\/\/linkzs.com.br\/index.php\/jr-ribeiro-montador-de-moveis-sjc\/","title":{"rendered":"JR Ribeiro Montador de M\u00f3veis SJC"},"content":{"rendered":"\n<p>Desmontagem e Montagens<\/p>\n\n\n\n<p>Transporte de M\u00f3veis<\/p>\n\n\n\n<p>Manuten\u00e7\u00e3o de M\u00f3veis<\/p>\n\n\n\n<p>Montagens de M\u00f3veis novos e usados<\/p>\n\n\n\n<p>Instala\u00e7\u00e3o de M\u00f3veis<\/p>\n\n\n\n<figure class=\"wp-block-image size-large\"><a href=\"https:\/\/wa.me\/5512991463758\"><img data-recalc-dims=\"1\" loading=\"lazy\" decoding=\"async\" width=\"571\" height=\"1024\" src=\"https:\/\/i0.wp.com\/linkzs.com.br\/wp-content\/uploads\/2026\/02\/17710050321067562605897953929115.png?resize=571%2C1024&#038;ssl=1\" alt=\"\" class=\"wp-image-708\" srcset=\"https:\/\/i0.wp.com\/linkzs.com.br\/wp-content\/uploads\/2026\/02\/17710050321067562605897953929115.png?resize=571%2C1024&amp;ssl=1 571w, https:\/\/i0.wp.com\/linkzs.com.br\/wp-content\/uploads\/2026\/02\/17710050321067562605897953929115.png?resize=167%2C300&amp;ssl=1 167w, https:\/\/i0.wp.com\/linkzs.com.br\/wp-content\/uploads\/2026\/02\/17710050321067562605897953929115.png?resize=768%2C1376&amp;ssl=1 768w, https:\/\/i0.wp.com\/linkzs.com.br\/wp-content\/uploads\/2026\/02\/17710050321067562605897953929115.png?resize=857%2C1536&amp;ssl=1 857w, https:\/\/i0.wp.com\/linkzs.com.br\/wp-content\/uploads\/2026\/02\/17710050321067562605897953929115.png?resize=600%2C1075&amp;ssl=1 600w, https:\/\/i0.wp.com\/linkzs.com.br\/wp-content\/uploads\/2026\/02\/17710050321067562605897953929115.png?w=1116&amp;ssl=1 1116w\" sizes=\"auto, (max-width: 571px) 100vw, 571px\" \/><\/a><figcaption class=\"wp-element-caption\">https:\/\/wa.me\/5512991463758<\/figcaption><\/figure>\n\n\n\n<figure class=\"wp-block-image\"><img data-recalc-dims=\"1\" loading=\"lazy\" decoding=\"async\" width=\"770\" height=\"1024\" src=\"https:\/\/i0.wp.com\/linkzs.com.br\/wp-content\/uploads\/2026\/02\/img-20260213-wa00487236117047405464494.jpg?resize=770%2C1024&#038;ssl=1\" alt=\"\" class=\"wp-image-706\" srcset=\"https:\/\/i0.wp.com\/linkzs.com.br\/wp-content\/uploads\/2026\/02\/img-20260213-wa00487236117047405464494.jpg?resize=770%2C1024&amp;ssl=1 770w, https:\/\/i0.wp.com\/linkzs.com.br\/wp-content\/uploads\/2026\/02\/img-20260213-wa00487236117047405464494.jpg?resize=226%2C300&amp;ssl=1 226w, https:\/\/i0.wp.com\/linkzs.com.br\/wp-content\/uploads\/2026\/02\/img-20260213-wa00487236117047405464494.jpg?resize=768%2C1021&amp;ssl=1 768w, https:\/\/i0.wp.com\/linkzs.com.br\/wp-content\/uploads\/2026\/02\/img-20260213-wa00487236117047405464494.jpg?resize=600%2C798&amp;ssl=1 600w, https:\/\/i0.wp.com\/linkzs.com.br\/wp-content\/uploads\/2026\/02\/img-20260213-wa00487236117047405464494.jpg?w=963&amp;ssl=1 963w\" sizes=\"auto, (max-width: 770px) 100vw, 770px\" \/><figcaption class=\"wp-element-caption\">Whatsapp celular 5512991463758<\/figcaption><\/figure>\n\n\n\n<figure class=\"wp-block-image size-large\"><a href=\"https:\/\/wa.me\/5512991463758\"><img data-recalc-dims=\"1\" loading=\"lazy\" decoding=\"async\" width=\"1024\" height=\"559\" src=\"https:\/\/i0.wp.com\/linkzs.com.br\/wp-content\/uploads\/2026\/02\/17710063600928864261457599291641.png?resize=1024%2C559&#038;ssl=1\" alt=\"\" class=\"wp-image-710\" srcset=\"https:\/\/i0.wp.com\/linkzs.com.br\/wp-content\/uploads\/2026\/02\/17710063600928864261457599291641.png?resize=1024%2C559&amp;ssl=1 1024w, https:\/\/i0.wp.com\/linkzs.com.br\/wp-content\/uploads\/2026\/02\/17710063600928864261457599291641.png?resize=300%2C164&amp;ssl=1 300w, https:\/\/i0.wp.com\/linkzs.com.br\/wp-content\/uploads\/2026\/02\/17710063600928864261457599291641.png?resize=768%2C419&amp;ssl=1 768w, https:\/\/i0.wp.com\/linkzs.com.br\/wp-content\/uploads\/2026\/02\/17710063600928864261457599291641.png?resize=1536%2C838&amp;ssl=1 1536w, https:\/\/i0.wp.com\/linkzs.com.br\/wp-content\/uploads\/2026\/02\/17710063600928864261457599291641.png?resize=1320%2C720&amp;ssl=1 1320w, https:\/\/i0.wp.com\/linkzs.com.br\/wp-content\/uploads\/2026\/02\/17710063600928864261457599291641.png?resize=600%2C327&amp;ssl=1 600w, https:\/\/i0.wp.com\/linkzs.com.br\/wp-content\/uploads\/2026\/02\/17710063600928864261457599291641.png?w=2000&amp;ssl=1 2000w\" sizes=\"auto, (max-width: 1000px) 100vw, 1000px\" \/><\/a><figcaption class=\"wp-element-caption\">https:\/\/wa.me\/5512991463758<\/figcaption><\/figure>\n","protected":false},"excerpt":{"rendered":"<p>Desmontagem e Montagens Transporte de M\u00f3veis Manuten\u00e7\u00e3o de M\u00f3veis Montagens de M\u00f3veis novos e usados Instala\u00e7\u00e3o de M\u00f3veis<\/p>\n","protected":false},"author":1,"featured_media":0,"parent":0,"menu_order":0,"comment_status":"closed","ping_status":"closed","template":"","meta":{"footnotes":""},"class_list":["post-711","page","type-page","status-publish","hentry"],"jetpack-related-posts":[],"jetpack_sharing_enabled":true,"_links":{"self":[{"href":"https:\/\/linkzs.com.br\/index.php\/wp-json\/wp\/v2\/pages\/711","targetHints":{"allow":["GET"]}}],"collection":[{"href":"https:\/\/linkzs.com.br\/index.php\/wp-json\/wp\/v2\/pages"}],"about":[{"href":"https:\/\/linkzs.com.br\/index.php\/wp-json\/wp\/v2\/types\/page"}],"author":[{"embeddable":true,"href":"https:\/\/linkzs.com.br\/index.php\/wp-json\/wp\/v2\/users\/1"}],"replies":[{"embeddable":true,"href":"https:\/\/linkzs.com.br\/index.php\/wp-json\/wp\/v2\/comments?post=711"}],"version-history":[{"count":0,"href":"https:\/\/linkzs.com.br\/index.php\/wp-json\/wp\/v2\/pages\/711\/revisions"}],"wp:attachment":[{"href":"https:\/\/linkzs.com.br\/index.php\/wp-json\/wp\/v2\/media?parent=711"}],"curies":[{"name":"wp","href":"https:\/\/api.w.org\/{rel}","templated":true}]}}