{"id":740,"date":"2026-03-31T15:34:39","date_gmt":"2026-03-31T18:34:39","guid":{"rendered":"https:\/\/linkzs.com.br\/index.php\/produto\/botas-caterpillar\/"},"modified":"2026-03-31T15:34:39","modified_gmt":"2026-03-31T18:34:39","slug":"botas-caterpillar","status":"publish","type":"product","link":"https:\/\/linkzs.com.br\/index.php\/produto\/botas-caterpillar\/","title":{"rendered":"botas Caterpillar"},"content":{"rendered":"<p>*Bota Caterpillar* \ud83d\ude80\ud83e\udd29<br \/>\nDisponiveis 38 ao 44 \ud83d\udc5f\ud83d\udecd\ufe0f<\/p>\n<p>para pedir seu n\u00famero, chame no WhatsApp.<\/p>\n<p>temos outro modelos de t\u00eanis e sand\u00e1lias tamb\u00e9m. Fazemos droop.<\/p>\n","protected":false},"excerpt":{"rendered":"<p>*Bota Caterpillar* \ud83d\ude80\ud83e\udd29 Disponiveis 38 ao 44 \ud83d\udc5f\ud83d\udecd\ufe0f para pedir seu n\u00famero, chame no WhatsApp. temos outro modelos de t\u00eanis e sand\u00e1lias tamb\u00e9m. Fazemos droop.<\/p>\n","protected":false},"featured_media":736,"comment_status":"open","ping_status":"closed","template":"","meta":[],"product_brand":[],"product_cat":[15],"product_tag":[],"class_list":{"0":"post-740","1":"product","2":"type-product","3":"status-publish","4":"has-post-thumbnail","6":"product_cat-sem-categoria","8":"entry","9":"has-media","11":"first","12":"instock","13":"sale","14":"shipping-taxable","15":"purchasable","16":"product-type-simple","17":"has-product-nav","18":"col","19":"span_1_of_3","20":"owp-content-center","21":"owp-thumbs-layout-horizontal","22":"owp-btn-normal","23":"owp-tabs-layout-horizontal"},"jetpack-related-posts":[],"jetpack_sharing_enabled":true,"_links":{"self":[{"href":"https:\/\/linkzs.com.br\/index.php\/wp-json\/wp\/v2\/product\/740","targetHints":{"allow":["GET"]}}],"collection":[{"href":"https:\/\/linkzs.com.br\/index.php\/wp-json\/wp\/v2\/product"}],"about":[{"href":"https:\/\/linkzs.com.br\/index.php\/wp-json\/wp\/v2\/types\/product"}],"replies":[{"embeddable":true,"href":"https:\/\/linkzs.com.br\/index.php\/wp-json\/wp\/v2\/comments?post=740"}],"wp:featuredmedia":[{"embeddable":true,"href":"https:\/\/linkzs.com.br\/index.php\/wp-json\/wp\/v2\/media\/736"}],"wp:attachment":[{"href":"https:\/\/linkzs.com.br\/index.php\/wp-json\/wp\/v2\/media?parent=740"}],"wp:term":[{"taxonomy":"product_brand","embeddable":true,"href":"https:\/\/linkzs.com.br\/index.php\/wp-json\/wp\/v2\/product_brand?post=740"},{"taxonomy":"product_cat","embeddable":true,"href":"https:\/\/linkzs.com.br\/index.php\/wp-json\/wp\/v2\/product_cat?post=740"},{"taxonomy":"product_tag","embeddable":true,"href":"https:\/\/linkzs.com.br\/index.php\/wp-json\/wp\/v2\/product_tag?post=740"}],"curies":[{"name":"wp","href":"https:\/\/api.w.org\/{rel}","templated":true}]}}